{"id":415,"date":"2020-12-11T09:52:29","date_gmt":"2020-12-11T09:52:29","guid":{"rendered":"http:\/\/lashesandbrowsegmond.nl\/?page_id=415"},"modified":"2024-03-19T22:28:58","modified_gmt":"2024-03-19T22:28:58","slug":"algemene-voorwaarden","status":"publish","type":"page","link":"https:\/\/lashesandbrowsegmond.nl\/?page_id=415","title":{"rendered":"Algemene Voorwaarden"},"content":{"rendered":"\r\n<p>Bij het reserveren van een afspraak met Lashes &amp; Brows Egmond gaat u akkoord met de volgende voorwaarden:<\/p>\r\n\r\n\r\n\r\n<p><strong>1 Algemeen<\/strong><br \/>1.1 In deze voorwaarden wordt onder \u201c Lashes &amp; Brows Egmond\u00a0 \u201d verstaan Lashes &amp; Brows Egmond gevestigd te Egmond aan den Hoef, Prinses Irenelaan 75.<br \/>1.2 In deze voorwaarden wordt onder \u201ccli\u00ebnt\u201d verstaan degene die Lashes &amp; Brows Egmond opdracht geeft tot behandeling.<br \/>1.3 In deze voorwaarden wordt onder \u201ccli\u00ebnt\u201d tevens verstaan diens wettelijk vertegenwoordiger.<br \/>1.4 In deze voorwaarden wordt onder \u201cbehandeling\u201d verstaan de behandelingen voor permanente make-up, wimpers, wenkbrauwen &amp; lippen met behulp van de door Lashes &amp; Brows Egmond \u00a0te hanteren apparatuur en bijbehorende hulpmiddelen.<br \/>1.5 Deze voorwaarden maken onderdeel uit van iedere overeenkomst tussen de cli\u00ebnt en de Lashes &amp; Brows Egmond.<br \/>1.6 Deze voorwaarden zijn tevens van toepassing in het geval Lashes &amp; Brows Egmond voor de uitvoering van de opdracht derden betrekt.<br \/>1.7 De werking van artikel 7:404 en artikel 7:407 lid 2 Burgerlijk Wetboek wordt uitdrukkelijk uitgesloten.<\/p>\r\n\r\n\r\n\r\n<p><strong>2 Overeenkomst<\/strong><br \/>2.1 De overeenkomst tussen Lashes &amp; Brows Egmond en de cli\u00ebnt behelst de opdracht van de cli\u00ebnt aan de Lashes &amp; Brows Egmond tot behandeling.<br \/>2.2 Lashes &amp; Brows Egmond is gerechtigd om niet in te gaan op een onredelijk en\/of ongebruikelijke verlangen van de cli\u00ebnt en mag weigeren een behandeling uit te voeren.<\/p>\r\n\r\n\r\n\r\n<p><strong>3 Toestemming<\/strong><br \/>3.1 De cli\u00ebnt verleent voorafgaand aan de uitvoering van de behandelingsovereenkomst schriftelijk , onvoorwaardelijk en zonder voorbehoud toestemming daartoe aan Lashes &amp; Brows Egmond door het invullen en ondertekenen van het intakeformulier van Lashes &amp; Brows Egmond.<br \/>3.2. De cli\u00ebnt verleent onvoorwaardelijk en zonder voorbehoud \u2013 gelet op de zorgvuldigheid \u2013 toestemming voor de registratie van zijn persoonsgegevens en medische gegevens die relevant zijn voor de behandeling en de afwikkeling van de behandeling.<br \/>3.3 Lashes &amp; Brows Egmond kan van de cli\u00ebnt verlangen dat deze zijn toestemming schriftelijk bevestigd.<\/p>\r\n\r\n\r\n\r\n<p><strong>4 Informatie<\/strong><br \/>De cli\u00ebnt dient Lashes &amp; Brows Egmond tijdig op de hoogte te brengen en houden van alle informatie die voor een goede uitvoering van de overeenkomst noodzakelijk is.<\/p>\r\n\r\n\r\n\r\n<div class=\"wp-block-group\"><div class=\"wp-block-group__inner-container is-layout-flow wp-block-group-is-layout-flow\">\r\n<div class=\"wp-block-group\"><div class=\"wp-block-group__inner-container is-layout-flow wp-block-group-is-layout-flow\">\r\n<p><strong>5 Tarieven<\/strong><\/p>\r\n<\/div><\/div>\r\n\r\n\r\n\r\n<p>Tarieven gelden, behoudens uitdrukkelijk andersluidende schriftelijke overeenkomst, voor de duur van een kalenderjaar en kunnen jaarlijks worden aangepast en\/of worden ge\u00efndexeerd.<\/p>\r\n<\/div><\/div>\r\n\r\n\r\n\r\n<p><strong>6. Aanbetaling<\/strong><br \/>6.1 Bij het maken van een afspraak online of telefonisch vragen wij per 1 september 2022 een aanbetaling. De aanbetaling bedraagt 50% van het behandeltarief. De aanbetaling wordt in mindering gebracht op uw eindfactuur gelijk na de behandeling. Uw maakt uw afspraak online via onze website www.lashesandbrowsegmond.nl onder het kopje reserveren of via deze link U kunt een afspraak online inboeken via\u00a0<a href=\"https:\/\/www.myreservations.nl\/calendar.php?custid=b6e4f8d41c6ae93d9a4e6aea014bfdee#loaded&amp;year=2023&amp;month=1&amp;date=01\">www.myreservations.nl<\/a>. Dit is de enige manier en website waar u terecht kunt voor het maken van een afspraak. \u00a0Voor elke behandeling (m.u.v. een intake en de gratis nabehandeling (geldt slecht 1 keer) dient er een aanbetaling verricht te worden. Deze dient direct bij het inplannen van de afspraak online te worden voldaan. Bij het ontbreken van de aanbetaling behoudt Lashes \u00a0&amp; Brows Egmond zich het recht om de afspraak te annuleren zonder de klant hiervan op de hoogte te stellen.<br \/>6.2 Afspraken kunnen enkel afgezegd worden tot 48 uur van te voren. Hierbij heeft de klant het recht zijn\/haar afspraak kosteloos te verplaatsen. De aanbetaling wordt dan meegenomen naar de nieuwe afspraak. De afspraak dient dan wel binnen uiterlijk 3 maanden na de originele afspraak ingepland te worden, anders vervalt de aanbetaling.<br \/>6.3 In gevallen van annulering\/verplaatsen van afspraken waarbij de afspraak binnen 48 uur plaatsvindt wordt de aanbetaling ingehouden en dient de klant voor een nieuwe afspraak wederom een aanbetaling te verrichten. 6.4 Afspraken kunnen 2 maal gecanceld en\/of gewijzigd worden, mits ten minste 48 uur voor aanvang van de afspraak gecommuniceerd wordt. Wanneer de klant voor de derde keer de afspraak wilt wijzigen dient de afspraak geannuleerd te worden en een nieuwe afspraak gemaakt te worden waarbij opnieuw een aanbetaling gedaan dient te worden. <strong>6.5\u00a0<\/strong>Laat u een afspraak telefonisch inboeken dan ontvangt u een aanbetalingsfactuur van 50% van uw behandeltarief via whatsapp met betalingslink.<br \/><strong>6.6\u00a0\u00a0<\/strong>De aanbetaling wordt verrekend met uw behandeltarief, restant kunt u na afloop van de behandeling contant of per betaalverzoek afrekenen.<\/p>\r\n\r\n\r\n\r\n<p>&nbsp;<\/p>\r\n\r\n\r\n\r\n<p><strong>7. Afspraak<\/strong><br \/>7.1 Het is niet toegestaan een afspraak te boeken indien u al oude permanente make-up heeft, tenzij u eerst akkoord heeft gekregen van Lashes &amp; Brows Egmond. Om akkoord te krijgen kunt u duidelijke foto\u2019s van uw wenkbrauwen mailen naar lashesandbrowsegmond@gmail.nl Aandachtspunten voor de foto\u2019s: duidelijk scherpe foto\u2019s onder goed daglicht opgenomen. Let op: Foto\u2019s met de selfie camera zijn niet gewenst.<br \/>7.2 De gratis nabehandeling bij semi permanente make up behandelingen dient plaats te vinden na minimaal 4 weken en maximaal 8 weken na de eerste behandeling. U dient deze meteen in te plannen nadat u de powderbrow behandeling heeft ingepland. Indien u om wat voor reden dan ook niet in de gelegenheid bent om binnen 8 weken te verschijnen voor uw gratis nabehandeling dan komt deze te vervallen. U bent vrij om alsnog een betaalde nabehandeling te boeken.<br \/>7.3 Indien u binnen 48 uur voor de gratis nabehandeling de afspraak afzegt of u verschijnt zonder melding niet op de afspraak dan vervalt de gratis nabehandeling. De klant kan dan alsnog een betaalde nabehandeling boeken.<br \/>7.4 Aanbetalingen worden onder geen enkele omstandigheden gefundeerd.<br \/>7.5 Indien u uw afspraak min 48 uur van te voren wil wijzigen, kunt u uw aanbetaling tot 6 maanden erna gebruiken.<br \/>7.6 Het is aan de klant om zoveel mogelijk research te doen over de behandeling. Lashes &amp;Brows Egmond heeft alle informatie over de behandelingen op de site en gaat ervan uit dat de klant dit zorgvuldig doorneemt alvorens de behandeling gaat plaatsvinden.<\/p>\r\n\r\n\r\n\r\n<p><strong>8 Betaling<\/strong><br \/>8.1 Cli\u00ebnt betaalt direct na de behandeling contant of per betaalverzoek.<br \/>8.2 Lashes &amp; Brows Egmond\u00a0 werkt niet op rekening.<\/p>\r\n\r\n\r\n\r\n<p style=\"text-transform: none;\"><strong>9 Verantwoordelijkheid cli\u00ebnt <\/strong> <strong>9.1\u00a0<\/strong>Het is de verantwoordelijkheid van de cli\u00ebnt om een afspraak goed te noteren, deze op te volgen of minimaal 24-48-uur van tevoren te verplaatsen.<br \/><strong>9.2\u00a0<\/strong>U ontvangt bij uw online boeking en\/of telefonische boeking een afspraak bevestiging per e-mail.<br \/><strong>9.3\u00a0<\/strong>Om te voorkomen dat een afspraak wordt vergeten, stuur ik van iedere afspraak via e-mail 2 dagen en 1 dag voor de afspraak een herinnering. Deze e-mail is een service voor onze cli\u00ebnten en ontslaat een cli\u00ebnt niet van de eigen verantwoordelijkheid.\u00a0<\/p>\r\n\r\n\r\n\r\n<p><strong>10 Aansprakelijkheid<\/strong><br \/>10.1 Indien zich bij de behandeling, waaronder tevens te rekenen het niet, niet volledig of niet tijdig uitvoeren van een behandeling, een gebeurtenis voordoet die tot aansprakelijkheid van Lashes &amp; Brows\u00a0 Egmond leidt, dan is die aansprakelijkheid beperkt tot het bedrag waarop de door Lashes &amp; Brows Egmond afgesloten aansprakelijkheidsverzekering aanspraak geeft. Lashes &amp; Brows Egmond is evenwel niet aansprakelijk in het geval op het moment waarop de gebeurtenis zich voordoet, de cli\u00ebnt in gebreke is met de nakoming van enige verplichting jegens Lashes &amp; Brows Egmond.<\/p>\r\n\r\n\r\n\r\n<p>10.2 Lashes &amp; Brows Egmond kan geen enkele garantie geven over de hoeveelheid behandeling(en), dan wel het aantal behandelingen voor het bereiken van de gewenste resultaat.<br \/>10.3 Lashes &amp; Brows Egmond is niet aansprakelijk voor (verergerde) pigmentatie op huid na de behandeling(en).<br \/>10.4 Lashes &amp; Brows Egmond is niet aansprakelijk voor het niet nakomen van de juiste nazorg.<br \/>10.5 Cli\u00ebnt dient zelf zorg te dragen aan voldoende informatie en kennis over de behandelingen.<\/p>\r\n\r\n\r\n\r\n<p><strong>11 Klachten<\/strong><br \/>11.1 In geval van ontevredenheid of een klacht van de cli\u00ebnt over de behandeling door Lashes &amp; Brows Egmond, meldt de cli\u00ebnt dit direct, althans binnen 48 uur. Lashes &amp; Brows Egmond en de cli\u00ebnt spannen zich vervolgens beiden in om ter zake tot een oplossing te komen.<br \/>11.2 En klacht zoals genoemd in artikel 9.1 van deze algemene voorwaarden dient door cli\u00ebnt per e-mail ingediend te worden.<\/p>\r\n\r\n\r\n\r\n<p><strong>12 Nietigheid<\/strong><br \/>In het geval enige bepaling van deze voorwaarden nietig of vernietigbaar is, laat dit de geldigheid van de overige bepalingen onverlet.<\/p>\r\n\r\n\r\n\r\n<p><strong>13 Toepasselijk recht<\/strong><br \/>Op de tussen Lashes &amp; Brows Egmond en de cli\u00ebnt gesloten overeenkomst, en op eventuele nadere, ter uitvoering daarvan gesloten overeenkomsten, is uitsluitend Nederlands recht van toepassing.<\/p>\r\n\r\n\r\n\r\n<p><strong>14 Wijziging<\/strong><br \/>Lashes &amp; Brows Egmond behoudt zich het recht voor deze voorwaarden te allen tijde te wijzigen.<\/p>\r\n","protected":false},"excerpt":{"rendered":"<p>Bij het reserveren van een afspraak met Lashes &amp; Brows Egmond gaat u akkoord met de volgende voorwaarden: 1 Algemeen1.1 In deze voorwaarden wordt onder &hellip; <\/p>\n","protected":false},"author":1,"featured_media":0,"parent":2,"menu_order":0,"comment_status":"closed","ping_status":"closed","template":"","meta":{"footnotes":""},"class_list":["post-415","page","type-page","status-publish","hentry"],"jetpack_sharing_enabled":true,"_links":{"self":[{"href":"https:\/\/lashesandbrowsegmond.nl\/index.php?rest_route=\/wp\/v2\/pages\/415","targetHints":{"allow":["GET"]}}],"collection":[{"href":"https:\/\/lashesandbrowsegmond.nl\/index.php?rest_route=\/wp\/v2\/pages"}],"about":[{"href":"https:\/\/lashesandbrowsegmond.nl\/index.php?rest_route=\/wp\/v2\/types\/page"}],"author":[{"embeddable":true,"href":"https:\/\/lashesandbrowsegmond.nl\/index.php?rest_route=\/wp\/v2\/users\/1"}],"replies":[{"embeddable":true,"href":"https:\/\/lashesandbrowsegmond.nl\/index.php?rest_route=%2Fwp%2Fv2%2Fcomments&post=415"}],"version-history":[{"count":11,"href":"https:\/\/lashesandbrowsegmond.nl\/index.php?rest_route=\/wp\/v2\/pages\/415\/revisions"}],"predecessor-version":[{"id":1039,"href":"https:\/\/lashesandbrowsegmond.nl\/index.php?rest_route=\/wp\/v2\/pages\/415\/revisions\/1039"}],"up":[{"embeddable":true,"href":"https:\/\/lashesandbrowsegmond.nl\/index.php?rest_route=\/wp\/v2\/pages\/2"}],"wp:attachment":[{"href":"https:\/\/lashesandbrowsegmond.nl\/index.php?rest_route=%2Fwp%2Fv2%2Fmedia&parent=415"}],"curies":[{"name":"wp","href":"https:\/\/api.w.org\/{rel}","templated":true}]}}